{"id":63124,"date":"2023-05-05T09:05:50","date_gmt":"2023-05-05T07:05:50","guid":{"rendered":"https:\/\/ecclesia.church\/standorte-en\/nuremberg\/"},"modified":"2025-07-03T11:04:30","modified_gmt":"2025-07-03T09:04:30","slug":"nuremberg","status":"publish","type":"page","link":"https:\/\/ecclesia.church\/en\/locations\/nuremberg\/","title":{"rendered":"Nuremberg"},"content":{"rendered":"\n<div class=\"wp-block-cover alignfull\" style=\"min-height:430px;aspect-ratio:unset;\"><span aria-hidden=\"true\" class=\"wp-block-cover__background has-background-dim-80 has-background-dim wp-block-cover__gradient-background has-background-gradient has-black-from-left-gradient-background\"><\/span><img decoding=\"async\" width=\"2560\" height=\"1707\" class=\"wp-block-cover__image-background wp-image-53094\" alt=\"\" src=\"https:\/\/ecclesia.church\/wp-content\/uploads\/Standort-Bild-Nuernberg-scaled.jpg\" data-object-fit=\"cover\" srcset=\"https:\/\/ecclesia.church\/wp-content\/uploads\/Standort-Bild-Nuernberg-scaled.jpg 2560w, https:\/\/ecclesia.church\/wp-content\/uploads\/Standort-Bild-Nuernberg-540x360.jpg 540w, https:\/\/ecclesia.church\/wp-content\/uploads\/Standort-Bild-Nuernberg-1080x720.jpg 1080w, https:\/\/ecclesia.church\/wp-content\/uploads\/Standort-Bild-Nuernberg-1536x1024.jpg 1536w, https:\/\/ecclesia.church\/wp-content\/uploads\/Standort-Bild-Nuernberg-2048x1365.jpg 2048w\" sizes=\"(max-width: 2560px) 100vw, 2560px\" \/><div class=\"wp-block-cover__inner-container is-layout-flow wp-block-cover-is-layout-flow\">\n<div class=\"wp-block-group is-content-justification-left is-layout-constrained wp-container-core-group-is-layout-318116a5 wp-block-group-is-layout-constrained\">\n<p class=\"has-text-align-left is-style-subheader has-highlight-color has-text-color\">Welcome to<\/p>\n\n\n\n<h1 class=\"has-heading-overridestyle has-heading-overridestyle-2 wp-block-heading has-text-align-left has-white-color has-text-color\">Nuremberg<\/h1>\n<\/div>\n<\/div><\/div>\n\n<div class=\"wp-block-group is-layout-constrained wp-block-group-is-layout-constrained\">\n<div class=\"wp-block-luther-responsive-space luther-responsive-space luther-responsive-space--small\"><\/div>\n\n\n\n<h2 class=\"wp-block-heading has-text-align-center\" style=\"margin-top:var(--wp--preset--spacing--xs);margin-bottom:var(--wp--preset--spacing--xs)\">Our location in Nuremberg<\/h2>\n\n\n\n<p class=\"has-text-align-center is-style-subheader has-black-color has-text-color\" style=\"margin-top:var(--wp--preset--spacing--m);margin-bottom:var(--wp--preset--spacing--m)\"><strong>Every Sunday we celebrate worship as Ecclesia Church at our location in Nuremberg.<br\/>You, your family and your friends are very welcome.<br\/>We would be delighted if you would celebrate worship with us.<\/strong><\/p>\n\n\n\n<div class=\"wp-block-luther-responsive-space luther-responsive-space luther-responsive-space--small\"><\/div>\n\n\n\n<div class=\"wp-block-luther-grid luther-grid\"><div class=\"center luther-grid-inner\" style=\"--luther--grid--gap-horizontal:100px;--luther--grid--gap-vertical:0px;--luther--grid--cell-width:500px;--luther--grid--flex-align-horizontal:center;--luther--grid--flex-align-vertical:start\">\n<div class=\"wp-block-luther-grid-container luther-grid-cell is-layout-flow wp-block-luther-grid-container-is-layout-flow\">\n<div class=\"wp-block-luther-card luther-card\">\n<div class=\"wp-block-luther-card-row luther-card-row is-undefined is-layout-flow wp-block-luther-card-row-is-layout-flow\" style=\"padding-top:0;padding-right:0;padding-bottom:0;padding-left:0\">\n<div class=\"wp-block-cover\" style=\"min-height:173px;aspect-ratio:unset;\"><span aria-hidden=\"true\" class=\"wp-block-cover__background has-black-background-color has-background-dim-100 has-background-dim\"><\/span><div class=\"wp-block-cover__inner-container is-layout-flow wp-block-cover-is-layout-flow\">\n<h3 class=\"wp-block-heading has-text-align-center\" style=\"margin-top:var(--wp--preset--spacing--sm);margin-bottom:var(--wp--preset--spacing--sm)\">Hotel Leonardo Royal<\/h3>\n\n\n\n<p class=\"has-text-align-center is-style-subheader has-white-color has-text-color\" style=\"margin-top:var(--wp--preset--spacing--sm);margin-bottom:var(--wp--preset--spacing--sm)\">Bahnhofsplatz. 3<br\/>90443 N\u00fcrnberg<\/p>\n\n\n\n<p class=\"has-text-align-center is-style-footer-heading\" style=\"margin-top:var(--wp--preset--spacing--xs);margin-bottom:var(--wp--preset--spacing--xs)\"><a href=\"https:\/\/www.google.de\/maps\/place\/Leonardo+Royal+Hotel+N%C3%BCrnberg\/@49.4471334,11.0810279,17z\/data=!3m2!4b1!5s0x479f57a0eb5e5209:0xf792be35c911fead!4m9!3m8!1s0x479f5796b026b995:0x8c25b08d4eae09d1!5m2!4m1!1i2!8m2!3d49.4471299!4d11.0836028!16s%2Fg%2F11qpvr7j2b?entry=ttu\" target=\"_blank\" rel=\"noreferrer noopener\">Google Maps<\/a><br\/><\/p>\n<\/div><\/div>\n<\/div>\n\n\n\n<div class=\"wp-block-luther-card-row luther-card-row is-undefined is-layout-flow wp-block-luther-card-row-is-layout-flow\">\n<h4 class=\"wp-block-heading has-text-align-center has-black-color has-text-color\" style=\"margin-bottom:0\">Sunday<\/h4>\n\n\n\n<p class=\"has-text-align-center is-style-large has-grey-faded-color has-text-color\" style=\"margin-top:var(--wp--preset--spacing--xxs)\"><strong>09:30 Uhr<\/strong><br\/><strong>11:00 Uhr<\/strong>**<br\/><strong>12:30 Uhr<\/strong>    <\/p>\n\n\n\n\n\n<h4 class=\"wp-block-heading has-text-align-center has-black-color has-text-color\" style=\"margin-top:0;margin-bottom:0\">Revival Night<\/h4>\n\n\n\n<p class=\"has-text-align-center is-style-large has-grey-faded-color has-text-color\" style=\"margin-top:var(--wp--preset--spacing--xxs)\">every 2nd and 4th Sunday of the month <\/p>\n\n\n\n<p class=\"has-text-align-center is-style-large has-grey-faded-color has-text-color\" style=\"margin-top:var(--wp--preset--spacing--xxs)\"><strong>4:00 p.m.<\/strong> <br\/><\/p>\n<\/div>\n<\/div>\n<\/div>\n\n\n\n<div class=\"wp-block-luther-grid-container luther-grid-cell is-layout-flow wp-block-luther-grid-container-is-layout-flow\">\n<div class=\"wp-block-luther-card luther-card\">\n<div class=\"wp-block-luther-card-row luther-card-row is-undefined is-layout-flow wp-block-luther-card-row-is-layout-flow\" style=\"padding-top:0;padding-right:0;padding-bottom:0;padding-left:0\">\n<div class=\"wp-block-cover\" style=\"min-height:173px;aspect-ratio:unset;\"><span aria-hidden=\"true\" class=\"wp-block-cover__background has-black-background-color has-background-dim-100 has-background-dim\"><\/span><div class=\"wp-block-cover__inner-container is-layout-flow wp-block-cover-is-layout-flow\">\n<h3 class=\"wp-block-heading has-text-align-center\" style=\"margin-top:var(--wp--preset--spacing--sm);margin-bottom:var(--wp--preset--spacing--sm)\">Baptist Church<\/h3>\n\n\n\n<p class=\"has-text-align-center is-style-subheader has-white-color has-text-color\" style=\"margin-top:var(--wp--preset--spacing--sm);margin-bottom:var(--wp--preset--spacing--sm)\">Sperberstra\u00dfe 166<br\/>90461 N\u00fcrnberg<\/p>\n\n\n\n<p class=\"has-text-align-center is-style-footer-heading\" style=\"margin-top:var(--wp--preset--spacing--xs);margin-bottom:var(--wp--preset--spacing--xs)\"><a href=\"https:\/\/www.google.com\/maps\/place\/Baptistengemeinde+am+S%C3%BCdring\/@49.431428,11.0957665,15z\/data=!4m2!3m1!1s0x0:0x4c3160ef61eb91d8?sa=X&amp;ved=2ahUKEwj0zt706f-BAxVuzQIHHZ-sAdwQ_BJ6BAhAEAA&amp;ved=2ahUKEwj0zt706f-BAxVuzQIHHZ-sAdwQ_BJ6BAhGEAg\" data-type=\"link\" data-id=\"https:\/\/www.google.com\/maps\/place\/Baptistengemeinde+am+S&#xFC;dring\/@49.431428,11.0957665,15z\/data=!4m2!3m1!1s0x0:0x4c3160ef61eb91d8?sa=X&amp;ved=2ahUKEwj0zt706f-BAxVuzQIHHZ-sAdwQ_BJ6BAhAEAA&amp;ved=2ahUKEwj0zt706f-BAxVuzQIHHZ-sAdwQ_BJ6BAhGEAg\" target=\"_blank\" rel=\"noreferrer noopener\">Google Maps<br\/><\/a><\/p>\n<\/div><\/div>\n<\/div>\n\n\n\n<div class=\"wp-block-luther-card-row luther-card-row is-undefined is-layout-flow wp-block-luther-card-row-is-layout-flow\">\n<h4 class=\"wp-block-heading has-text-align-center has-black-color has-text-color\" style=\"margin-bottom:0\">Pray First<\/h4>\n\n\n\n<p class=\"has-text-align-center is-style-large has-grey-faded-color has-text-color\" style=\"margin-top:var(--wp--preset--spacing--xxs)\"><strong>06:00 a.m.<\/strong><br\/>every Friday<\/p>\n\n\n\n<h4 class=\"wp-block-heading has-text-align-center has-black-color has-text-color\" style=\"margin-top:0;margin-bottom:0\">First Wednesday<\/h4>\n\n\n\n<p class=\"has-text-align-center is-style-large has-grey-faded-color has-text-color\" style=\"margin-top:var(--wp--preset--spacing--xxs)\"><strong>7:00 p.m.<\/strong><\/p>\n<\/div>\n<\/div>\n<\/div>\n\n\n\n<div class=\"wp-block-luther-grid-container luther-grid-cell is-layout-flow wp-block-luther-grid-container-is-layout-flow\">\n<div class=\"wp-block-luther-card luther-card\">\n<div class=\"wp-block-luther-card-row luther-card-row is-undefined is-layout-flow wp-block-luther-card-row-is-layout-flow\" style=\"padding-top:0;padding-right:0;padding-bottom:0;padding-left:0\">\n<div class=\"wp-block-cover\" style=\"min-height:173px;aspect-ratio:unset;\"><span aria-hidden=\"true\" class=\"wp-block-cover__background has-black-background-color has-background-dim-100 has-background-dim\"><\/span><div class=\"wp-block-cover__inner-container is-layout-flow wp-block-cover-is-layout-flow\">\n<h3 class=\"wp-block-heading has-text-align-center\" style=\"margin-top:var(--wp--preset--spacing--sm);margin-bottom:var(--wp--preset--spacing--sm)\">Office N\u00fcrnberg<\/h3>\n\n\n\n<p class=\"has-text-align-center is-style-subheader has-white-color has-text-color\" style=\"margin-top:var(--wp--preset--spacing--sm);margin-bottom:var(--wp--preset--spacing--sm)\">Siebenkeesstra\u00dfe 18<br\/>90459 N\u00fcrnberg<\/p>\n\n\n\n<p class=\"has-text-align-center is-style-footer-heading\" style=\"margin-top:var(--wp--preset--spacing--xs);margin-bottom:var(--wp--preset--spacing--xs)\"><a href=\"https:\/\/maps.app.goo.gl\/uBRCjSq3NT7EUXHL9\" data-type=\"link\" data-id=\"https:\/\/www.google.com\/maps\/place\/Baptistengemeinde+am+S&#xFC;dring\/@49.431428,11.0957665,15z\/data=!4m2!3m1!1s0x0:0x4c3160ef61eb91d8?sa=X&amp;ved=2ahUKEwj0zt706f-BAxVuzQIHHZ-sAdwQ_BJ6BAhAEAA&amp;ved=2ahUKEwj0zt706f-BAxVuzQIHHZ-sAdwQ_BJ6BAhGEAg\" target=\"_blank\" rel=\"noreferrer noopener\">Google Maps<br\/><\/a><\/p>\n<\/div><\/div>\n<\/div>\n\n\n\n<div class=\"wp-block-luther-card-row luther-card-row is-undefined is-layout-flow wp-block-luther-card-row-is-layout-flow\">\n<h4 class=\"wp-block-heading has-text-align-center has-black-color has-text-color\" style=\"margin-bottom:0\">Heart for the city<\/h4>\n\n\n\n<p class=\"has-text-align-center is-style-large has-grey-faded-color has-text-color\" style=\"margin-top:var(--wp--preset--spacing--xxs)\"><strong>10:00 a.m.<\/strong><br\/>every first Saturday of the month<\/p>\n<\/div>\n<\/div>\n<\/div>\n<\/div><\/div>\n\n\n\n<p class=\"has-text-align-left is-style-small has-grey-faded-color has-text-color\">* with English translation<br\/>** with English and Russian translation<br\/>*** with Russian translation<\/p>\n\n\n\n<div class=\"wp-block-luther-responsive-space luther-responsive-space luther-responsive-space--small\"><\/div>\n<\/div>\n\n<div class=\"wp-block-cover is-light alignfull\" style=\"min-height:400px;aspect-ratio:unset;\"><span aria-hidden=\"true\" class=\"wp-block-cover__background has-background-dim-70 has-background-dim wp-block-cover__gradient-background has-background-gradient has-black-from-left-gradient-background\" style=\"background-color:#95837a\"><\/span><img decoding=\"async\" width=\"1280\" height=\"505\" class=\"wp-block-cover__image-background wp-image-62780\" alt=\"\" src=\"https:\/\/ecclesia.church\/wp-content\/uploads\/Naechster-Schritt-e1737662772298.jpeg\" data-object-fit=\"cover\" srcset=\"https:\/\/ecclesia.church\/wp-content\/uploads\/Naechster-Schritt-e1737662772298.jpeg 1280w, https:\/\/ecclesia.church\/wp-content\/uploads\/Naechster-Schritt-e1737662772298-640x253.jpeg 640w\" sizes=\"(max-width: 1280px) 100vw, 1280px\" \/><div class=\"wp-block-cover__inner-container is-layout-flow wp-block-cover-is-layout-flow\">\n<div class=\"wp-block-group is-layout-flow wp-block-group-is-layout-flow\">\n<div class=\"wp-block-luther-responsive-space luther-responsive-space luther-responsive-space--small\"><\/div>\n\n\n\n<p class=\"has-text-align-left is-style-subheader has-highlight-color has-text-color\">Small groups<\/p>\n\n\n\n<h4 class=\"has-heading-overridestyle has-heading-overridestyle-2 wp-block-heading has-white-color has-text-color\">Become part of a small group<br\/>in Nuremberg and the surrounding area<\/h4>\n\n\n\n<div class=\"wp-block-buttons is-layout-flex wp-block-buttons-is-layout-flex\">\n<div class=\"wp-block-button is-style-outline-white\" aria-label=\"Mehr &#xFC;ber unsere Kleingruppen erfahren\"><a class=\"wp-block-button__link wp-element-button\" href=\"https:\/\/e.church.tools\/grouphomepage\/teYZUJdtyElTTyeTqjqr28rny7RDxWMm\" target=\"_blank\" rel=\"noreferrer noopener\">Learn more<\/a><\/div>\n<\/div>\n\n\n\n<div class=\"wp-block-luther-responsive-space luther-responsive-space luther-responsive-space--small\"><\/div>\n<\/div>\n<\/div><\/div>\n\n<div class=\"wp-block-luther-responsive-space luther-responsive-space luther-responsive-space--small\"><\/div>\n\n<h4 class=\"has-heading-overridestyle has-heading-overridestyle-2 wp-block-heading has-black-color has-text-color\">our campus pastor<\/h4>\n\n<div class=\"wp-block-columns is-not-stacked-on-mobile luther-responsive-columns-inline-style is-style-media-left responsive-columns-0-0b253737-4451-4a1a-aa76-e24fb29312c8 is-layout-flex wp-container-core-columns-is-layout-9d6595d7 wp-block-columns-is-layout-flex\" data-uniqueid=\"0-0b253737-4451-4a1a-aa76-e24fb29312c8\">\n<div class=\"wp-block-column is-vertically-aligned-center is-layout-flow wp-block-column-is-layout-flow\" style=\"flex-basis:40%\">\n<figure class=\"wp-block-image size-large\"><img decoding=\"async\" width=\"2560\" height=\"1440\" src=\"https:\/\/ecclesia.church\/wp-content\/uploads\/Standort-Nuernberg-I-Tobi-edited.png\" alt=\"\" class=\"wp-image-62774\" style=\"aspect-ratio:16\/9;object-fit:cover\" srcset=\"https:\/\/ecclesia.church\/wp-content\/uploads\/Standort-Nuernberg-I-Tobi-edited.png 2560w, https:\/\/ecclesia.church\/wp-content\/uploads\/Standort-Nuernberg-I-Tobi-edited-640x360.png 640w, https:\/\/ecclesia.church\/wp-content\/uploads\/Standort-Nuernberg-I-Tobi-edited-1280x720.png 1280w, https:\/\/ecclesia.church\/wp-content\/uploads\/Standort-Nuernberg-I-Tobi-edited-320x180.png 320w, https:\/\/ecclesia.church\/wp-content\/uploads\/Standort-Nuernberg-I-Tobi-edited-1536x864.png 1536w, https:\/\/ecclesia.church\/wp-content\/uploads\/Standort-Nuernberg-I-Tobi-edited-2048x1152.png 2048w\" sizes=\"(max-width: 2560px) 100vw, 2560px\" \/><\/figure>\n<\/div>\n\n\n\n<div class=\"wp-block-column is-vertically-aligned-center is-layout-flow wp-block-column-is-layout-flow\">\n<h4 class=\"has-heading-overridestyle has-heading-overridestyle-3 wp-block-heading has-black-color has-text-color\">Tobias Knierim<\/h4>\n\n\n\n<p class=\"is-style-small\" style=\"margin-top:var(--wp--preset--spacing--m);margin-bottom:var(--wp--preset--spacing--m)\">Pastor for the Nuremberg location<\/p>\n\n\n\n<div class=\"wp-block-buttons is-layout-flex wp-block-buttons-is-layout-flex\">\n<div class=\"wp-block-button is-style-default\" aria-label=\"Dieser Link f&#xFC;hrt zur Kontaktseite\"><a class=\"wp-block-button__link wp-element-button\" href=\"https:\/\/ecclesia.church\/en\/contact\/\">Contact us<\/a><\/div>\n<\/div>\n<\/div>\n<\/div>\n\n<div class=\"wp-block-luther-responsive-space luther-responsive-space luther-responsive-space--small\"><\/div>\n\n<div class=\"wp-block-columns is-not-stacked-on-mobile luther-responsive-columns-inline-style is-style-media-left responsive-columns-1-8832523b-707f-4212-9a42-ebb6f7d98dc3 is-layout-flex wp-container-core-columns-is-layout-9d6595d7 wp-block-columns-is-layout-flex\" data-uniqueid=\"1-8832523b-707f-4212-9a42-ebb6f7d98dc3\">\n<div class=\"wp-block-column is-vertically-aligned-center is-layout-flow wp-block-column-is-layout-flow\" style=\"flex-basis:40%\">\n<figure class=\"wp-block-image size-large is-resized\"><img decoding=\"async\" width=\"2400\" height=\"1350\" src=\"https:\/\/ecclesia.church\/wp-content\/uploads\/Hand1_Dashboard-edited-1.png\" alt=\"\" class=\"wp-image-67619\" style=\"object-fit:cover;width:517px;height:auto\" srcset=\"https:\/\/ecclesia.church\/wp-content\/uploads\/Hand1_Dashboard-edited-1.png 2400w, https:\/\/ecclesia.church\/wp-content\/uploads\/Hand1_Dashboard-edited-1-640x360.png 640w, https:\/\/ecclesia.church\/wp-content\/uploads\/Hand1_Dashboard-edited-1-1280x720.png 1280w, https:\/\/ecclesia.church\/wp-content\/uploads\/Hand1_Dashboard-edited-1-320x180.png 320w, https:\/\/ecclesia.church\/wp-content\/uploads\/Hand1_Dashboard-edited-1-1536x864.png 1536w, https:\/\/ecclesia.church\/wp-content\/uploads\/Hand1_Dashboard-edited-1-2048x1152.png 2048w\" sizes=\"(max-width: 2400px) 100vw, 2400px\" \/><\/figure>\n<\/div>\n\n\n\n<div class=\"wp-block-column is-vertically-aligned-center is-layout-flow wp-block-column-is-layout-flow\">\n<h4 class=\"has-heading-overridestyle has-heading-overridestyle-3 wp-block-heading has-black-color has-text-color\">Ecclesia App<\/h4>\n\n\n\n<p class=\"is-style-small\" style=\"margin-top:var(--wp--preset--spacing--m);margin-bottom:var(--wp--preset--spacing--m)\">Ecclesia Church has its own app. Become part of our Ecclesia Church Community, network with others in Nuremberg and find out all about current events and dates!<\/p>\n\n\n\n<div class=\"wp-block-buttons is-layout-flex wp-block-buttons-is-layout-flex\">\n<div class=\"wp-block-button is-style-default\" aria-label=\"Dieser Link f&#xFC;hrt zur Kontaktseite\"><a class=\"wp-block-button__link wp-element-button\" href=\"https:\/\/ecclesia.church\/en\/app\/\">Ecclesia App<\/a><\/div>\n<\/div>\n<\/div>\n<\/div>\n\n<div class=\"wp-block-luther-responsive-space luther-responsive-space luther-responsive-space--small\"><\/div>\n\n<div class=\"wp-block-group alignfull has-white-grey-background-color has-background is-layout-constrained wp-block-group-is-layout-constrained\">\n<div class=\"wp-block-luther-responsive-space luther-responsive-space luther-responsive-space--small\"><\/div>\n\n\n\n<p class=\"has-text-align-center is-style-subheader\">Lerne uns besser kennen<\/p>\n\n\n\n<h4 class=\"has-heading-overridestyle has-heading-overridestyle-2 wp-block-heading has-text-align-center\">Next Steps<\/h4>\n\n\n\n<div class=\"wp-block-luther-responsive-space luther-responsive-space luther-responsive-space--x-small\"><\/div>\n\n\n\n<div class=\"wp-block-columns is-style-tight responsive-columns-1-caa504f1-0430-465d-8476-3d388fc6c9c5 is-layout-flex wp-container-core-columns-is-layout-9d6595d7 wp-block-columns-is-layout-flex\" data-uniqueid=\"1-caa504f1-0430-465d-8476-3d388fc6c9c5\">\n<div class=\"wp-block-column is-layout-flow wp-block-column-is-layout-flow\">\n<div class=\"wp-block-luther-next-step luther-next-step\"><div class=\"luther-next-step__background\"><img decoding=\"async\" class=\"luther-next-step__background\" src=\"https:\/\/ecclesia.church\/wp-content\/uploads\/DSC00073.jpg\" alt=\"Next Step Image\"\/><p class=\"background-title\">Schritt 1<\/p><\/div><div class=\"luther-next-step__content\">\n<h3 class=\"wp-block-heading has-text-align-center\" style=\"margin-top:0;margin-bottom:0\"><br>Schritt 1<\/h3>\n\n\n\n<p class=\"has-text-align-center is-style-small has-grey-color has-text-color\" style=\"margin-top:var(--wp--preset--spacing--xs);margin-bottom:var(--wp--preset--spacing--xs)\">Erfahre mehr dar\u00fcber, wer wir als Kirche<br>sind und wie du Teil der Ecclesia Church<br>werden kannst.<br><br><strong>Schritt 1 findet am ersten Sonntag im Monat statt.<\/strong><br><\/p>\n\n\n\n<div class=\"wp-block-buttons is-content-justification-center is-layout-flex wp-container-core-buttons-is-layout-16018d1d wp-block-buttons-is-layout-flex\">\n<div class=\"wp-block-button is-style-outline is-style-outline--1\" aria-label=\"Dies f\u00fchrt zur Seite Next Steps \"><a class=\"wp-block-button__link wp-element-button\" href=\"\/nextsteps\/\">mehr erfahren<\/a><\/div>\n<\/div>\n<\/div><\/div>\n<\/div>\n\n\n\n<div class=\"wp-block-column is-layout-flow wp-block-column-is-layout-flow\">\n<div class=\"wp-block-luther-next-step luther-next-step\"><div class=\"luther-next-step__background\"><img decoding=\"async\" class=\"luther-next-step__background\" src=\"https:\/\/ecclesia.church\/wp-content\/uploads\/Sundays-23-720x720.jpg\" alt=\"Next Step Image\"\/><p class=\"background-title\">Schritt 2<\/p><\/div><div class=\"luther-next-step__content\">\n<h3 class=\"wp-block-heading has-text-align-center\" style=\"margin-top:0;margin-bottom:0\"><br>Schritt 2<\/h3>\n\n\n\n<p class=\"has-text-align-center is-style-small has-grey-color has-text-color\" style=\"margin-top:var(--wp--preset--spacing--xs);margin-bottom:var(--wp--preset--spacing--xs)\">Gott hat einen einzigartigen Plan f\u00fcr dein Leben,<br>und er hat Dich einzigartig gemacht. Wenn du herausfinden willst, wie dieser Plan aussieht, hilft<br>es herauszufinden, wie du gemacht bist.<br><br><strong>Schritt 2 findet am zweiten Sonntag im Monat statt.<br><\/strong><\/p>\n\n\n\n<div class=\"wp-block-buttons is-content-justification-center is-layout-flex wp-container-core-buttons-is-layout-16018d1d wp-block-buttons-is-layout-flex\">\n<div class=\"wp-block-button is-style-outline is-style-outline--2\" aria-label=\"Dies f\u00fchrt zur Seite Next Steps \"><a class=\"wp-block-button__link wp-element-button\" href=\"\/nextsteps\/\">mehr erfahren<\/a><\/div>\n<\/div>\n<\/div><\/div>\n<\/div>\n\n\n\n<div class=\"wp-block-column is-layout-flow wp-block-column-is-layout-flow\">\n<div class=\"wp-block-luther-next-step luther-next-step\"><div class=\"luther-next-step__background\"><img decoding=\"async\" class=\"luther-next-step__background\" src=\"https:\/\/ecclesia.church\/wp-content\/uploads\/3er-I-Next-Stepsjpg-479x720.jpg\" alt=\"Next Step Image\"\/><p class=\"background-title\">Schritt 3<\/p><\/div><div class=\"luther-next-step__content\">\n<h3 class=\"wp-block-heading has-text-align-center\" style=\"margin-top:0;margin-bottom:0\"><br>Schritt 3<\/h3>\n\n\n\n<p class=\"has-text-align-center is-style-small has-grey-color has-text-color\" style=\"margin-top:var(--wp--preset--spacing--xs);margin-bottom:var(--wp--preset--spacing--xs)\">Gott hat eine Berufung, also einen pers\u00f6nlichen, vorherbestimmten Plan, f\u00fcr jeden einzelnen<br>Menschen. Er hat etwas Einzigartiges in uns hineingelegt. Wir wollen dir ein paar M\u00f6glichkeiten aufzeigen, wie du dein Potenzial weiterentwickeln<br>und einsetzen kannst.<br><br><strong>Schritt 3 findet am dritten Sonntag im Monat statt.<br><\/strong><\/p>\n\n\n\n<div class=\"wp-block-buttons is-content-justification-center is-layout-flex wp-container-core-buttons-is-layout-16018d1d wp-block-buttons-is-layout-flex\">\n<div class=\"wp-block-button is-style-outline is-style-outline--3\" aria-label=\"Dies f\u00fchrt zur Seite Next Steps \"><a class=\"wp-block-button__link wp-element-button\" href=\"\/nextsteps\/\">mehr erfahren<\/a><\/div>\n<\/div>\n<\/div><\/div>\n<\/div>\n<\/div>\n\n\n\n<div class=\"wp-block-luther-responsive-space luther-responsive-space luther-responsive-space--large\"><\/div>\n<\/div>\n","protected":false},"excerpt":{"rendered":"<p>Our location in Nuremberg Every Sunday we celebrate worship as Ecclesia Church at our location in Nuremberg.You, your family and your friends are very welcome.We would be delighted if you would celebrate worship with us. * with English translation** with English and Russian translation*** with Russian translation our campus pastor Tobias Knierim Pastor for the [&hellip;]<\/p>\n","protected":false},"author":3,"featured_media":0,"parent":52458,"menu_order":201,"comment_status":"closed","ping_status":"closed","template":"templates\/page-no-padding-to-footer.php","meta":{"_acf_changed":false,"footnotes":"","_exclude_from_sitemap":false,"_luther_share_image_id":0},"class_list":["post-63124","page","type-page","status-publish","hentry"],"acf":[],"_links":{"self":[{"href":"https:\/\/ecclesia.church\/en\/wp-json\/wp\/v2\/pages\/63124","targetHints":{"allow":["GET"]}}],"collection":[{"href":"https:\/\/ecclesia.church\/en\/wp-json\/wp\/v2\/pages"}],"about":[{"href":"https:\/\/ecclesia.church\/en\/wp-json\/wp\/v2\/types\/page"}],"author":[{"embeddable":true,"href":"https:\/\/ecclesia.church\/en\/wp-json\/wp\/v2\/users\/3"}],"replies":[{"embeddable":true,"href":"https:\/\/ecclesia.church\/en\/wp-json\/wp\/v2\/comments?post=63124"}],"version-history":[{"count":15,"href":"https:\/\/ecclesia.church\/en\/wp-json\/wp\/v2\/pages\/63124\/revisions"}],"predecessor-version":[{"id":73980,"href":"https:\/\/ecclesia.church\/en\/wp-json\/wp\/v2\/pages\/63124\/revisions\/73980"}],"up":[{"embeddable":true,"href":"https:\/\/ecclesia.church\/en\/wp-json\/wp\/v2\/pages\/52458"}],"wp:attachment":[{"href":"https:\/\/ecclesia.church\/en\/wp-json\/wp\/v2\/media?parent=63124"}],"curies":[{"name":"wp","href":"https:\/\/api.w.org\/{rel}","templated":true}]}}