{"id":63159,"date":"2023-05-05T09:05:36","date_gmt":"2023-05-05T07:05:36","guid":{"rendered":"https:\/\/ecclesia.church\/standorte-en\/erlangen\/"},"modified":"2026-04-04T12:12:25","modified_gmt":"2026-04-04T10:12:25","slug":"erlangen","status":"publish","type":"page","link":"https:\/\/ecclesia.church\/en\/locations\/erlangen\/","title":{"rendered":"Erlangen"},"content":{"rendered":"\n<div class=\"wp-block-cover alignfull\" style=\"min-height:430px;aspect-ratio:unset;\"><img decoding=\"async\" width=\"2048\" height=\"1365\" class=\"wp-block-cover__image-background wp-image-54069\" alt=\"\" src=\"https:\/\/ecclesia.church\/wp-content\/uploads\/Titelbild-I-Erlangen.jpg\" data-object-fit=\"cover\" srcset=\"https:\/\/ecclesia.church\/wp-content\/uploads\/Titelbild-I-Erlangen.jpg 2048w, https:\/\/ecclesia.church\/wp-content\/uploads\/Titelbild-I-Erlangen-540x360.jpg 540w, https:\/\/ecclesia.church\/wp-content\/uploads\/Titelbild-I-Erlangen-1080x720.jpg 1080w, https:\/\/ecclesia.church\/wp-content\/uploads\/Titelbild-I-Erlangen-1536x1024.jpg 1536w\" sizes=\"(max-width: 2048px) 100vw, 2048px\" \/><span aria-hidden=\"true\" class=\"wp-block-cover__background has-background-dim-80 has-background-dim wp-block-cover__gradient-background has-background-gradient has-black-from-left-gradient-background\"><\/span><div class=\"wp-block-cover__inner-container is-layout-flow wp-block-cover-is-layout-flow\">\n<div class=\"wp-block-group is-content-justification-left is-layout-constrained wp-container-core-group-is-layout-318116a5 wp-block-group-is-layout-constrained\">\n<p class=\"has-text-align-left is-style-subheader has-highlight-color has-text-color\">Welcome to<\/p>\n\n\n\n<h1 class=\"has-heading-overridestyle has-heading-overridestyle-2 wp-block-heading has-text-align-left has-white-color has-text-color\">Erlangen<\/h1>\n<\/div>\n<\/div><\/div>\n\n<div class=\"wp-block-luther-responsive-space luther-responsive-space luther-responsive-space--small\"><\/div>\n\n<div class=\"wp-block-group is-layout-constrained wp-block-group-is-layout-constrained\">\n<h2 class=\"wp-block-heading has-text-align-center\" style=\"margin-top:var(--wp--preset--spacing--xs);margin-bottom:var(--wp--preset--spacing--xs)\">Our location in Erlangen<\/h2>\n\n\n\n<p class=\"has-text-align-center is-style-subheader has-black-color has-text-color\">Seit 2017 feiern wir im Kreuz und quer in Erlangen Gottesdienste.<br\/>Du, deine Familie und deine Freunde sind herzlich willkommen.<br\/>Wir w\u00fcrden uns freuen, wenn du mit uns gemeinsam Gottesdienst feierst.<\/p>\n\n\n\n<div class=\"wp-block-luther-responsive-space luther-responsive-space luther-responsive-space--small\"><\/div>\n\n\n\n<div class=\"wp-block-luther-grid luther-grid\"><div class=\"center luther-grid-inner\" style=\"--luther--grid--gap-horizontal:100px;--luther--grid--gap-vertical:0px;--luther--grid--cell-width:500px;--luther--grid--flex-align-horizontal:center;--luther--grid--flex-align-vertical:start\">\n<div class=\"wp-block-luther-grid-container luther-grid-cell is-layout-flow wp-block-luther-grid-container-is-layout-flow\">\n<div class=\"wp-block-luther-card luther-card\">\n<div class=\"wp-block-luther-card-row luther-card-row is-undefined is-layout-flow wp-block-luther-card-row-is-layout-flow\" style=\"padding-top:0;padding-right:0;padding-bottom:0;padding-left:0\">\n<div class=\"wp-block-cover\" style=\"min-height:173px;aspect-ratio:unset;\"><span aria-hidden=\"true\" class=\"wp-block-cover__background has-black-background-color has-background-dim-100 has-background-dim\"><\/span><div class=\"wp-block-cover__inner-container is-layout-flow wp-block-cover-is-layout-flow\">\n<h3 class=\"wp-block-heading has-text-align-center\" style=\"margin-top:var(--wp--preset--spacing--sm);margin-bottom:var(--wp--preset--spacing--sm)\">Kreuz und Quer<\/h3>\n\n\n\n<p class=\"has-text-align-center is-style-subheader has-white-color has-text-color\" style=\"margin-top:var(--wp--preset--spacing--sm);margin-bottom:var(--wp--preset--spacing--sm)\">Bohlenplatz 1<br\/>91054 Erlangen<\/p>\n\n\n\n<p class=\"has-text-align-center is-style-footer-heading\" style=\"margin-top:var(--wp--preset--spacing--xs);margin-bottom:var(--wp--preset--spacing--xs)\"><a href=\"https:\/\/www.google.de\/maps\/place\/Ecclesia+Church+e.V.+-+Standort+Erlangen\/@49.5965255,11.0104494,17z\/data=!3m2!4b1!5s0x47a1f8dfe4dda4c3:0x6e2115d71074270!4m6!3m5!1s0x47a1f8dfe4c08083:0x6ca236da751f03df!8m2!3d49.5965255!4d11.0104494!16s%2Fg%2F11f3zgdqsb?entry=ttu\" target=\"_blank\" rel=\"noreferrer noopener\">Google <\/a><a href=\"https:\/\/www.google.com\/maps\/place\/Kreuz+Quer%20-%20Haus%20der%20Kirche%20Erlangen\/@49.5960183,11.0077088,17z\/data=!3m1!4b1!4m5!3m4!1s0x47a1f8dfe46374e1:0x86cd6af5b81ffa5f!8m2!3d49.5960263!4d11.0098948\" target=\"_blank\" rel=\"noreferrer noopener\">Maps<\/a><br\/><\/p>\n<\/div><\/div>\n<\/div>\n\n\n\n<div class=\"wp-block-luther-card-row luther-card-row is-undefined is-layout-flow wp-block-luther-card-row-is-layout-flow\">\n<h4 class=\"wp-block-heading has-text-align-center has-black-color has-text-color\">Sunday<\/h4>\n\n\n\n<p class=\"has-text-align-center is-style-default has-grey-faded-color has-text-color\" style=\"margin-top:var(--wp--preset--spacing--xxs)\"><strong>10:00 Uhr<\/strong> *<br\/>(mit Ecclesia Kids und Mountain Movers)<br\/><br\/><strong>12:00 Uhr<\/strong> *<\/p>\n\n\n\n<h4 class=\"wp-block-heading has-text-align-center has-black-color has-text-color\">Erster Mittwoch<\/h4>\n\n\n\n<p class=\"has-text-align-center is-style-default has-grey-faded-color has-text-color\" style=\"margin-top:var(--wp--preset--spacing--xxs)\"><strong>19:00 Uhr<\/strong> <\/p>\n<\/div>\n<\/div>\n<\/div>\n\n\n\n<div class=\"wp-block-luther-grid-container luther-grid-cell is-layout-flow wp-block-luther-grid-container-is-layout-flow\">\n<div class=\"wp-block-luther-card luther-card\">\n<div class=\"wp-block-luther-card-row luther-card-row is-undefined is-layout-flow wp-block-luther-card-row-is-layout-flow\" style=\"padding-top:0;padding-right:0;padding-bottom:0;padding-left:0\">\n<div class=\"wp-block-cover\" style=\"min-height:173px;aspect-ratio:unset;\"><span aria-hidden=\"true\" class=\"wp-block-cover__background has-black-background-color has-background-dim-100 has-background-dim\"><\/span><div class=\"wp-block-cover__inner-container is-layout-flow wp-block-cover-is-layout-flow\">\n<h3 class=\"wp-block-heading has-text-align-center\" style=\"margin-top:var(--wp--preset--spacing--sm);margin-bottom:var(--wp--preset--spacing--sm)\">Kreuz und Quer<\/h3>\n\n\n\n<p class=\"has-text-align-center is-style-subheader has-white-color has-text-color\" style=\"margin-top:var(--wp--preset--spacing--sm);margin-bottom:var(--wp--preset--spacing--sm)\">Bohlenplatz 1<br\/>91054 Erlangen<\/p>\n\n\n\n<p class=\"has-text-align-center is-style-footer-heading\" style=\"margin-top:var(--wp--preset--spacing--xs);margin-bottom:var(--wp--preset--spacing--xs)\"><a href=\"https:\/\/www.google.com\/maps\/place\/Kreuz+Quer%20-%20Haus%20der%20Kirche%20Erlangen\/@49.5960183,11.0077088,17z\/data=!3m1!4b1!4m5!3m4!1s0x47a1f8dfe46374e1:0x86cd6af5b81ffa5f!8m2!3d49.5960263!4d11.0098948\" target=\"_blank\" rel=\"noreferrer noopener\"><\/a><a href=\"https:\/\/www.google.de\/maps\/place\/Ecclesia+Church+e.V.+-+Standort+Erlangen\/@49.5965255,11.0078745,17z\/data=!3m2!4b1!5s0x47a1f8dfe4dda4c3:0x6e2115d71074270!4m6!3m5!1s0x47a1f8dfe4c08083:0x6ca236da751f03df!8m2!3d49.5965255!4d11.0104494!16s%2Fg%2F11f3zgdqsb?entry=ttu\" target=\"_blank\" rel=\"noreferrer noopener\">Google Maps<\/a><br\/><\/p>\n<\/div><\/div>\n<\/div>\n\n\n\n<div class=\"wp-block-luther-card-row luther-card-row is-undefined is-layout-flow wp-block-luther-card-row-is-layout-flow\">\n<h4 class=\"wp-block-heading has-text-align-center has-black-color has-text-color\">Pray First<\/h4>\n\n\n\n<p class=\"has-text-align-center is-style-default has-grey-faded-color has-text-color\" style=\"margin-top:var(--wp--preset--spacing--xxs)\"><strong>06:00 Uhr<\/strong><br\/>every friday<br\/><br\/><\/p>\n<\/div>\n<\/div>\n<\/div>\n<\/div><\/div>\n\n\n\n<p class=\"has-text-align-left is-style-small has-grey-faded-color has-text-color\">* with English translation \/ \u0441 \u0430\u043d\u0433\u043b\u0438\u0439\u0441\u043a\u0438\u043c \u043f\u0435\u0440\u0435\u0432\u043e\u0434\u043e\u043c<\/p>\n\n\n\n<div class=\"wp-block-luther-responsive-space luther-responsive-space luther-responsive-space--small\"><\/div>\n<\/div>\n\n<div class=\"wp-block-cover is-light alignfull\" style=\"min-height:400px;aspect-ratio:unset;\"><img decoding=\"async\" width=\"1280\" height=\"505\" class=\"wp-block-cover__image-background wp-image-62780\" alt=\"\" src=\"https:\/\/ecclesia.church\/wp-content\/uploads\/Naechster-Schritt-e1737662772298.jpeg\" data-object-fit=\"cover\" srcset=\"https:\/\/ecclesia.church\/wp-content\/uploads\/Naechster-Schritt-e1737662772298.jpeg 1280w, https:\/\/ecclesia.church\/wp-content\/uploads\/Naechster-Schritt-e1737662772298-640x253.jpeg 640w\" sizes=\"(max-width: 1280px) 100vw, 1280px\" \/><span aria-hidden=\"true\" class=\"wp-block-cover__background has-background-dim-70 has-background-dim wp-block-cover__gradient-background has-background-gradient has-black-from-left-gradient-background\" style=\"background-color:#95837a\"><\/span><div class=\"wp-block-cover__inner-container is-layout-flow wp-block-cover-is-layout-flow\">\n<div class=\"wp-block-group is-layout-flow wp-block-group-is-layout-flow\">\n<div class=\"wp-block-luther-responsive-space luther-responsive-space luther-responsive-space--small\"><\/div>\n\n\n\n<p class=\"has-text-align-left is-style-subheader has-highlight-color has-text-color\">Small groups<\/p>\n\n\n\n<h4 class=\"has-heading-overridestyle has-heading-overridestyle-2 wp-block-heading has-white-color has-text-color\">Werde Teil einer Kleingruppe<br\/>in Erlangen und Umgebung<\/h4>\n\n\n\n<div class=\"wp-block-buttons is-layout-flex wp-block-buttons-is-layout-flex\">\n<div class=\"wp-block-button is-style-outline-white\" aria-label=\"Discover our small groups.\"><a class=\"wp-block-button__link wp-element-button\" href=\"https:\/\/e.church.tools\/grouphomepage\/teYZUJdtyElTTyeTqjqr28rny7RDxWMm\" target=\"_blank\" rel=\"noreferrer noopener\">Learn more<\/a><\/div>\n<\/div>\n\n\n\n<div class=\"wp-block-luther-responsive-space luther-responsive-space luther-responsive-space--small\"><\/div>\n<\/div>\n<\/div><\/div>\n\n<div class=\"wp-block-luther-responsive-space luther-responsive-space luther-responsive-space--small\"><\/div>\n\n<h2 class=\"wp-block-heading\">Our site pastor (in Training)<\/h2>\n\n<div class=\"wp-block-columns is-not-stacked-on-mobile luther-responsive-columns-inline-style is-style-media-left responsive-columns-0-69a1165a-4100-4396-8000-f2783ebe49ee is-layout-flex wp-container-core-columns-is-layout-9d6595d7 wp-block-columns-is-layout-flex\" data-uniqueid=\"0-69a1165a-4100-4396-8000-f2783ebe49ee\">\n<div class=\"wp-block-column is-vertically-aligned-center is-layout-flow wp-block-column-is-layout-flow\" style=\"flex-basis:40%\">\n<figure class=\"wp-block-image size-large\"><img decoding=\"async\" width=\"1280\" height=\"720\" src=\"https:\/\/ecclesia.church\/wp-content\/uploads\/Jonzi-Erlangen-edited.jpeg\" alt=\"\" class=\"wp-image-62771\" style=\"aspect-ratio:16\/9;object-fit:cover\" srcset=\"https:\/\/ecclesia.church\/wp-content\/uploads\/Jonzi-Erlangen-edited.jpeg 1280w, https:\/\/ecclesia.church\/wp-content\/uploads\/Jonzi-Erlangen-edited-640x360.jpeg 640w, https:\/\/ecclesia.church\/wp-content\/uploads\/Jonzi-Erlangen-edited-320x180.jpeg 320w\" sizes=\"(max-width: 1280px) 100vw, 1280px\" \/><\/figure>\n<\/div>\n\n\n\n<div class=\"wp-block-column is-vertically-aligned-center is-layout-flow wp-block-column-is-layout-flow\">\n<h4 class=\"has-heading-overridestyle has-heading-overridestyle-3 wp-block-heading has-black-color has-text-color\">Jonathan Kopping<\/h4>\n\n\n\n<p class=\"is-style-small\">Pastor (in training) for the Erlangen location<\/p>\n\n\n\n<div class=\"wp-block-buttons is-layout-flex wp-block-buttons-is-layout-flex\">\n<div class=\"wp-block-button is-style-default\" aria-label=\"Link zum Kontaktformular\"><a class=\"wp-block-button__link wp-element-button\" href=\"https:\/\/ecclesia.church\/en\/contact\/\">Contact us<\/a><\/div>\n<\/div>\n<\/div>\n<\/div>\n\n<div class=\"wp-block-columns is-not-stacked-on-mobile luther-responsive-columns-inline-style is-style-media-left responsive-columns-1-8c84517f-ff2b-464d-a859-b1d722cb52a6 is-layout-flex wp-container-core-columns-is-layout-9d6595d7 wp-block-columns-is-layout-flex\" data-uniqueid=\"1-8c84517f-ff2b-464d-a859-b1d722cb52a6\">\n<div class=\"wp-block-column is-vertically-aligned-center is-layout-flow wp-block-column-is-layout-flow\" style=\"flex-basis:40%\">\n<figure class=\"wp-block-image size-large\"><img decoding=\"async\" width=\"2400\" height=\"1350\" src=\"https:\/\/ecclesia.church\/wp-content\/uploads\/Hand1_Dashboard-edited-2.png\" alt=\"\" class=\"wp-image-67623\" style=\"aspect-ratio:16\/9;object-fit:cover\" srcset=\"https:\/\/ecclesia.church\/wp-content\/uploads\/Hand1_Dashboard-edited-2.png 2400w, https:\/\/ecclesia.church\/wp-content\/uploads\/Hand1_Dashboard-edited-2-640x360.png 640w, https:\/\/ecclesia.church\/wp-content\/uploads\/Hand1_Dashboard-edited-2-1280x720.png 1280w, https:\/\/ecclesia.church\/wp-content\/uploads\/Hand1_Dashboard-edited-2-320x180.png 320w, https:\/\/ecclesia.church\/wp-content\/uploads\/Hand1_Dashboard-edited-2-1536x864.png 1536w, https:\/\/ecclesia.church\/wp-content\/uploads\/Hand1_Dashboard-edited-2-2048x1152.png 2048w\" sizes=\"(max-width: 2400px) 100vw, 2400px\" \/><\/figure>\n<\/div>\n\n\n\n<div class=\"wp-block-column is-vertically-aligned-center is-layout-flow wp-block-column-is-layout-flow\">\n<h4 class=\"has-heading-overridestyle has-heading-overridestyle-3 wp-block-heading has-black-color has-text-color\">Ecclesia App<\/h4>\n\n\n\n<p class=\"is-style-small\" style=\"margin-top:var(--wp--preset--spacing--m);margin-bottom:var(--wp--preset--spacing--m)\">Ecclesia Church has its own app. Become part of our Ecclesia Church community, network with others in Erlangen and find out all about current events and dates!<\/p>\n\n\n\n<div class=\"wp-block-buttons is-layout-flex wp-block-buttons-is-layout-flex\">\n<div class=\"wp-block-button is-style-default\" aria-label=\"Dieser Link f&#xFC;hrt zur Kontaktseite\"><a class=\"wp-block-button__link wp-element-button\" href=\"https:\/\/ecclesia.church\/en\/app\/\">Ecclesia App<\/a><\/div>\n<\/div>\n<\/div>\n<\/div>\n\n<div class=\"wp-block-luther-responsive-space luther-responsive-space luther-responsive-space--small\"><\/div>\n\n<div class=\"wp-block-group alignfull has-white-grey-background-color has-background is-layout-constrained wp-block-group-is-layout-constrained\">\n<div class=\"wp-block-luther-responsive-space luther-responsive-space luther-responsive-space--small\"><\/div>\n\n\n\n<p class=\"has-text-align-center is-style-subheader\">Lerne uns besser kennen<\/p>\n\n\n\n<h4 class=\"has-heading-overridestyle has-heading-overridestyle-2 wp-block-heading has-text-align-center\">Next Steps<\/h4>\n\n\n\n<div class=\"wp-block-luther-responsive-space luther-responsive-space luther-responsive-space--x-small\"><\/div>\n\n\n\n<div class=\"wp-block-columns is-style-tight responsive-columns-1-caa504f1-0430-465d-8476-3d388fc6c9c5 is-layout-flex wp-container-core-columns-is-layout-9d6595d7 wp-block-columns-is-layout-flex\" data-uniqueid=\"1-caa504f1-0430-465d-8476-3d388fc6c9c5\">\n<div class=\"wp-block-column is-layout-flow wp-block-column-is-layout-flow\">\n<div class=\"wp-block-luther-next-step luther-next-step\"><div class=\"luther-next-step__background\"><img decoding=\"async\" class=\"luther-next-step__background\" src=\"https:\/\/ecclesia.church\/wp-content\/uploads\/DSC00073.jpg\" alt=\"Next Step Image\"\/><p class=\"background-title\">Schritt 1<\/p><\/div><div class=\"luther-next-step__content\">\n<h3 class=\"wp-block-heading has-text-align-center\" style=\"margin-top:0;margin-bottom:0\"><br>Schritt 1<\/h3>\n\n\n\n<p class=\"has-text-align-center is-style-small has-grey-color has-text-color\" style=\"margin-top:var(--wp--preset--spacing--xs);margin-bottom:var(--wp--preset--spacing--xs)\">Erfahre mehr dar\u00fcber, wer wir als Kirche<br>sind und wie du Teil der Ecclesia Church<br>werden kannst.<br><br><strong>Schritt 1 findet am ersten Sonntag im Monat statt.<\/strong><br><\/p>\n\n\n\n<div class=\"wp-block-buttons is-content-justification-center is-layout-flex wp-container-core-buttons-is-layout-16018d1d wp-block-buttons-is-layout-flex\">\n<div class=\"wp-block-button is-style-outline is-style-outline--1\" aria-label=\"Dies f\u00fchrt zur Seite Next Steps \"><a class=\"wp-block-button__link wp-element-button\" href=\"\/nextsteps\/\">mehr erfahren<\/a><\/div>\n<\/div>\n<\/div><\/div>\n<\/div>\n\n\n\n<div class=\"wp-block-column is-layout-flow wp-block-column-is-layout-flow\">\n<div class=\"wp-block-luther-next-step luther-next-step\"><div class=\"luther-next-step__background\"><img decoding=\"async\" class=\"luther-next-step__background\" src=\"https:\/\/ecclesia.church\/wp-content\/uploads\/Sundays-23-720x720.jpg\" alt=\"Next Step Image\"\/><p class=\"background-title\">Schritt 2<\/p><\/div><div class=\"luther-next-step__content\">\n<h3 class=\"wp-block-heading has-text-align-center\" style=\"margin-top:0;margin-bottom:0\"><br>Schritt 2<\/h3>\n\n\n\n<p class=\"has-text-align-center is-style-small has-grey-color has-text-color\" style=\"margin-top:var(--wp--preset--spacing--xs);margin-bottom:var(--wp--preset--spacing--xs)\">Gott hat einen einzigartigen Plan f\u00fcr dein Leben,<br>und er hat Dich einzigartig gemacht. Wenn du herausfinden willst, wie dieser Plan aussieht, hilft<br>es herauszufinden, wie du gemacht bist.<br><br><strong>Schritt 2 findet am zweiten Sonntag im Monat statt.<br><\/strong><\/p>\n\n\n\n<div class=\"wp-block-buttons is-content-justification-center is-layout-flex wp-container-core-buttons-is-layout-16018d1d wp-block-buttons-is-layout-flex\">\n<div class=\"wp-block-button is-style-outline is-style-outline--2\" aria-label=\"Dies f\u00fchrt zur Seite Next Steps \"><a class=\"wp-block-button__link wp-element-button\" href=\"\/nextsteps\/\">mehr erfahren<\/a><\/div>\n<\/div>\n<\/div><\/div>\n<\/div>\n\n\n\n<div class=\"wp-block-column is-layout-flow wp-block-column-is-layout-flow\">\n<div class=\"wp-block-luther-next-step luther-next-step\"><div class=\"luther-next-step__background\"><img decoding=\"async\" class=\"luther-next-step__background\" src=\"https:\/\/ecclesia.church\/wp-content\/uploads\/3er-I-Next-Stepsjpg-479x720.jpg\" alt=\"Next Step Image\"\/><p class=\"background-title\">Schritt 3<\/p><\/div><div class=\"luther-next-step__content\">\n<h3 class=\"wp-block-heading has-text-align-center\" style=\"margin-top:0;margin-bottom:0\"><br>Schritt 3<\/h3>\n\n\n\n<p class=\"has-text-align-center is-style-small has-grey-color has-text-color\" style=\"margin-top:var(--wp--preset--spacing--xs);margin-bottom:var(--wp--preset--spacing--xs)\">Gott hat eine Berufung, also einen pers\u00f6nlichen, vorherbestimmten Plan, f\u00fcr jeden einzelnen<br>Menschen. Er hat etwas Einzigartiges in uns hineingelegt. Wir wollen dir ein paar M\u00f6glichkeiten aufzeigen, wie du dein Potenzial weiterentwickeln<br>und einsetzen kannst.<br><br><strong>Schritt 3 findet am dritten Sonntag im Monat statt.<br><\/strong><\/p>\n\n\n\n<div class=\"wp-block-buttons is-content-justification-center is-layout-flex wp-container-core-buttons-is-layout-16018d1d wp-block-buttons-is-layout-flex\">\n<div class=\"wp-block-button is-style-outline is-style-outline--3\" aria-label=\"Dies f\u00fchrt zur Seite Next Steps \"><a class=\"wp-block-button__link wp-element-button\" href=\"\/nextsteps\/\">mehr erfahren<\/a><\/div>\n<\/div>\n<\/div><\/div>\n<\/div>\n<\/div>\n\n\n\n<div class=\"wp-block-luther-responsive-space luther-responsive-space luther-responsive-space--large\"><\/div>\n<\/div>\n","protected":false},"excerpt":{"rendered":"<p>Our location in Erlangen Seit 2017 feiern wir im Kreuz und quer in Erlangen Gottesdienste.Du, deine Familie und deine Freunde sind herzlich willkommen.Wir w\u00fcrden uns freuen, wenn du mit uns gemeinsam Gottesdienst feierst. * with English translation \/ \u0441 \u0430\u043d\u0433\u043b\u0438\u0439\u0441\u043a\u0438\u043c \u043f\u0435\u0440\u0435\u0432\u043e\u0434\u043e\u043c Our site pastor (in Training) Jonathan Kopping Pastor (in training) for the Erlangen location [&hellip;]<\/p>\n","protected":false},"author":3,"featured_media":0,"parent":52458,"menu_order":203,"comment_status":"closed","ping_status":"closed","template":"templates\/page-no-padding-to-footer.php","meta":{"_acf_changed":false,"footnotes":"","_exclude_from_sitemap":false,"_luther_share_image_id":0},"class_list":["post-63159","page","type-page","status-publish","hentry"],"acf":[],"_links":{"self":[{"href":"https:\/\/ecclesia.church\/en\/wp-json\/wp\/v2\/pages\/63159","targetHints":{"allow":["GET"]}}],"collection":[{"href":"https:\/\/ecclesia.church\/en\/wp-json\/wp\/v2\/pages"}],"about":[{"href":"https:\/\/ecclesia.church\/en\/wp-json\/wp\/v2\/types\/page"}],"author":[{"embeddable":true,"href":"https:\/\/ecclesia.church\/en\/wp-json\/wp\/v2\/users\/3"}],"replies":[{"embeddable":true,"href":"https:\/\/ecclesia.church\/en\/wp-json\/wp\/v2\/comments?post=63159"}],"version-history":[{"count":9,"href":"https:\/\/ecclesia.church\/en\/wp-json\/wp\/v2\/pages\/63159\/revisions"}],"predecessor-version":[{"id":78701,"href":"https:\/\/ecclesia.church\/en\/wp-json\/wp\/v2\/pages\/63159\/revisions\/78701"}],"up":[{"embeddable":true,"href":"https:\/\/ecclesia.church\/en\/wp-json\/wp\/v2\/pages\/52458"}],"wp:attachment":[{"href":"https:\/\/ecclesia.church\/en\/wp-json\/wp\/v2\/media?parent=63159"}],"curies":[{"name":"wp","href":"https:\/\/api.w.org\/{rel}","templated":true}]}}